{"id":78,"date":"2022-07-26T21:07:54","date_gmt":"2022-07-26T21:07:54","guid":{"rendered":"http:\/\/redacity.eu\/?page_id=78"},"modified":"2024-04-04T18:37:33","modified_gmt":"2024-04-04T18:37:33","slug":"kontakt","status":"publish","type":"page","link":"http:\/\/redacity.eu\/?page_id=78","title":{"rendered":"Kontakt"},"content":{"rendered":"\n<div class=\"wp-block-columns alignfull is-layout-flex wp-container-core-columns-is-layout-28f84493 wp-block-columns-is-layout-flex\">\n<div class=\"wp-block-column is-layout-flow wp-block-column-is-layout-flow\">\n<div style=\"width: 100%\"><iframe scrolling=\"no\" marginheight=\"0\" marginwidth=\"0\" src=\"https:\/\/www.google.com\/maps\/embed?pb=!1m18!1m12!1m3!1d2378.566001979696!2d14.492711500000002!3d53.404703000000005!2m3!1f0!2f0!3f0!3m2!1i1024!2i768!4f13.1!3m3!1m2!1s0x47aa0f3379d14fbb%3A0x2a7d4ad987acf24c!2sBronowicka%2025A%2C%2071-012%20Szczecin!5e0!3m2!1spl!2spl!4v1658950700435!5m2!1spl!2spl\" width=\"100%\" height=\"400\" frameborder=\"0\"><\/iframe><\/div>\n<\/div>\n<\/div>\n\n\n\n<div class=\"wp-block-columns container is-layout-flex wp-container-core-columns-is-layout-28f84493 wp-block-columns-is-layout-flex\">\n<div class=\"wp-block-column is-vertically-aligned-center is-layout-flow wp-block-column-is-layout-flow\">\n<h2 class=\"wp-block-heading hestia-title has-text-color\" style=\"color:#3c4858\">Napisz do nas<\/h2>\n\n\n<div class=\"wpforms-container wpforms-container-full wpforms-block wpforms-block-9acd0106-dc03-49c7-bbea-848c849cf278\" id=\"wpforms-69\"><form id=\"wpforms-form-69\" class=\"wpforms-validate wpforms-form\" data-formid=\"69\" method=\"post\" enctype=\"multipart\/form-data\" action=\"\/index.php?rest_route=%2Fwp%2Fv2%2Fpages%2F78\" data-token=\"1a26ac9bb99474aa87ded0be2b037ca9\" data-token-time=\"1777585042\"><noscript class=\"wpforms-error-noscript\">Aby wype\u0142ni\u0107 ten formularz, w\u0142\u0105cz obs\u0142ug\u0119 JavaScript w przegl\u0105darce.<\/noscript><div class=\"wpforms-field-container\"><div id=\"wpforms-69-field_0-container\" class=\"wpforms-field wpforms-field-name wpforms-one-half wpforms-first\" data-field-id=\"0\"><label class=\"wpforms-field-label wpforms-label-hide\" for=\"wpforms-69-field_0\">Imi\u0119 <span class=\"wpforms-required-label\">*<\/span><\/label><input type=\"text\" id=\"wpforms-69-field_0\" class=\"wpforms-field-large wpforms-field-required\" name=\"wpforms[fields][0]\" placeholder=\"Twoje imi\u0119\" required><\/div><div id=\"wpforms-69-field_3-container\" class=\"wpforms-field wpforms-field-email wpforms-one-half\" data-field-id=\"3\"><label class=\"wpforms-field-label wpforms-label-hide\" for=\"wpforms-69-field_3\">Email <span class=\"wpforms-required-label\">*<\/span><\/label><input type=\"email\" id=\"wpforms-69-field_3\" class=\"wpforms-field-large wpforms-field-required\" name=\"wpforms[fields][3]\" placeholder=\"Tw\u00f3j Email\" spellcheck=\"false\" required><\/div><div id=\"wpforms-69-field_4-container\" class=\"wpforms-field wpforms-field-text\" data-field-id=\"4\"><label class=\"wpforms-field-label wpforms-label-hide\" for=\"wpforms-69-field_4\">Temat<\/label><input type=\"text\" id=\"wpforms-69-field_4\" class=\"wpforms-field-large\" name=\"wpforms[fields][4]\" placeholder=\"Temat wiadomo\u015bci\" ><\/div><div id=\"wpforms-69-field_2-container\" class=\"wpforms-field wpforms-field-textarea\" data-field-id=\"2\"><label class=\"wpforms-field-label wpforms-label-hide\" for=\"wpforms-69-field_2\">Wiadomo\u015b\u0107 <span class=\"wpforms-required-label\">*<\/span><\/label><textarea id=\"wpforms-69-field_2\" class=\"wpforms-field-medium wpforms-field-required\" name=\"wpforms[fields][2]\" placeholder=\"Tre\u015b\u0107 wiadomo\u015bci\" required><\/textarea><\/div><\/div><!-- .wpforms-field-container --><div class=\"wpforms-submit-container\" ><input type=\"hidden\" name=\"wpforms[id]\" value=\"69\"><input type=\"hidden\" name=\"page_title\" value=\"\"><input type=\"hidden\" name=\"page_url\" value=\"http:\/\/redacity.eu\/index.php?rest_route=\/wp\/v2\/pages\/78\"><input type=\"hidden\" name=\"url_referer\" value=\"\"><button type=\"submit\" name=\"wpforms[submit]\" id=\"wpforms-submit-69\" class=\"wpforms-submit\" data-alt-text=\"Wysy\u0142anie...\" data-submit-text=\"Wy\u015blij wiadomo\u015b\u0107\" aria-live=\"assertive\" value=\"wpforms-submit\">Wy\u015blij wiadomo\u015b\u0107<\/button><\/div><\/form><\/div>  <!-- .wpforms-container --><\/div>\n\n\n\n<div class=\"wp-block-column is-vertically-aligned-center is-layout-flow wp-block-column-is-layout-flow\">\n<div class=\"wp-block-columns is-layout-flex wp-container-core-columns-is-layout-28f84493 wp-block-columns-is-layout-flex\">\n<div class=\"wp-block-column is-layout-flow wp-block-column-is-layout-flow\"><\/div>\n\n\n\n<div class=\"wp-block-column is-layout-flow wp-block-column-is-layout-flow\" style=\"flex-basis:50%\">\n<h4 class=\"wp-block-heading has-text-align-left hestia-title has-text-color\" style=\"color:#3c4858;font-size:18px\"><img data-opt-id=191456679  fetchpriority=\"high\" decoding=\"async\" class=\"wp-image-86\" style=\"width: 25px;\" src=\"https:\/\/mlbtktwbjjgj.i.optimole.com\/cb:XcfT.1be\/w:auto\/h:auto\/q:mauto\/f:best\/http:\/\/redacity.eu\/wp-content\/themes\/hestia\/assets\/img\/contact1.png\" alt=\"Map icon\">  <strong>Biuro<\/strong> Sprzeda\u017cy Szczecin<\/h4>\n\n\n\n<p class=\"has-text-align-left has-text-color\" style=\"color:#999999;font-size:14px\">ul. Bronowicka 25A<br>71-012 Szczecin<\/p>\n\n\n\n<div style=\"height:40px\" aria-hidden=\"true\" class=\"wp-block-spacer\"><\/div>\n\n\n\n<h4 class=\"wp-block-heading has-text-align-left hestia-title has-text-color\" style=\"color:#3c4858;font-size:18px\"><img data-opt-id=763015643  fetchpriority=\"high\" decoding=\"async\" class=\"wp-image-98\" style=\"width: 25px;\" src=\"https:\/\/mlbtktwbjjgj.i.optimole.com\/cb:XcfT.1be\/w:auto\/h:auto\/q:mauto\/f:best\/http:\/\/redacity.eu\/wp-content\/themes\/hestia\/assets\/img\/contact2.png\" alt=\"\">  Zadzwo\u0144<\/h4>\n\n\n\n<p class=\"has-text-align-left has-text-color\" style=\"color:#999999;font-size:14px\">+48 603 462 366<br>+48 782 875 294<br>Pon &#8211; Pt, 8:00-17:00<\/p>\n<\/div>\n\n\n\n<div class=\"wp-block-column is-layout-flow wp-block-column-is-layout-flow\"><\/div>\n<\/div>\n<\/div>\n<\/div>\n","protected":false},"excerpt":{"rendered":"<p>Napisz do nas Biuro Sprzeda\u017cy Szczecin ul. Bronowicka 25A71-012 Szczecin Zadzwo\u0144 +48 603 462 366+48 782 875 294Pon &#8211; Pt, 8:00-17:00<\/p>\n","protected":false},"author":2,"featured_media":70,"parent":0,"menu_order":0,"comment_status":"closed","ping_status":"closed","template":"page-templates\/template-pagebuilder-full-width.php","meta":{"_acf_changed":false,"footnotes":""},"class_list":["post-78","page","type-page","status-publish","has-post-thumbnail","hentry"],"acf":[],"_links":{"self":[{"href":"http:\/\/redacity.eu\/index.php?rest_route=\/wp\/v2\/pages\/78","targetHints":{"allow":["GET"]}}],"collection":[{"href":"http:\/\/redacity.eu\/index.php?rest_route=\/wp\/v2\/pages"}],"about":[{"href":"http:\/\/redacity.eu\/index.php?rest_route=\/wp\/v2\/types\/page"}],"author":[{"embeddable":true,"href":"http:\/\/redacity.eu\/index.php?rest_route=\/wp\/v2\/users\/2"}],"replies":[{"embeddable":true,"href":"http:\/\/redacity.eu\/index.php?rest_route=%2Fwp%2Fv2%2Fcomments&post=78"}],"version-history":[{"count":12,"href":"http:\/\/redacity.eu\/index.php?rest_route=\/wp\/v2\/pages\/78\/revisions"}],"predecessor-version":[{"id":5821,"href":"http:\/\/redacity.eu\/index.php?rest_route=\/wp\/v2\/pages\/78\/revisions\/5821"}],"wp:featuredmedia":[{"embeddable":true,"href":"http:\/\/redacity.eu\/index.php?rest_route=\/wp\/v2\/media\/70"}],"wp:attachment":[{"href":"http:\/\/redacity.eu\/index.php?rest_route=%2Fwp%2Fv2%2Fmedia&parent=78"}],"curies":[{"name":"wp","href":"https:\/\/api.w.org\/{rel}","templated":true}]}}